{"id":425,"date":"2021-05-14T22:57:41","date_gmt":"2021-05-14T22:57:41","guid":{"rendered":"http:\/\/wenchengnoodles.com\/d5\/?page_id=425"},"modified":"2022-01-09T21:32:09","modified_gmt":"2022-01-09T21:32:09","slug":"impressum","status":"publish","type":"page","link":"https:\/\/hanwest.de\/index.php\/impressum\/","title":{"rendered":"impressum"},"content":{"rendered":"\t\t<div data-elementor-type=\"wp-page\" data-elementor-id=\"425\" class=\"elementor elementor-425\" data-elementor-settings=\"[]\">\n\t\t\t\t\t\t\t<div class=\"elementor-section-wrap\">\n\t\t\t\t\t\t\t<section class=\"ob-is-breaking-bad elementor-section elementor-top-section elementor-element elementor-element-72c8141 elementor-section-boxed elementor-section-height-default elementor-section-height-default\" data-id=\"72c8141\" data-element_type=\"section\" id=\"navius\" data-settings=\"{&quot;animation&quot;:&quot;none&quot;,&quot;background_background&quot;:&quot;classic&quot;,&quot;_ob_bbad_use_it&quot;:&quot;yes&quot;,&quot;_ob_bbad_sssic_use&quot;:&quot;no&quot;,&quot;_ob_glider_is_slider&quot;:&quot;no&quot;}\">\n\t\t\t\t\t\t<div class=\"elementor-container elementor-column-gap-default\">\n\t\t\t\t\t<div class=\"elementor-column elementor-col-33 elementor-top-column elementor-element elementor-element-6d36258b\" data-id=\"6d36258b\" data-element_type=\"column\" data-settings=\"{&quot;_ob_bbad_is_stalker&quot;:&quot;no&quot;,&quot;_ob_teleporter_use&quot;:false,&quot;_ob_column_hoveranimator&quot;:&quot;no&quot;,&quot;_ob_column_has_pseudo&quot;:&quot;no&quot;}\">\n\t\t\t<div class=\"elementor-widget-wrap elementor-element-populated\">\n\t\t\t\t\t\t\t\t<div class=\"elementor-element elementor-element-46efdd6e elementor-widget elementor-widget-image\" data-id=\"46efdd6e\" data-element_type=\"widget\" data-settings=\"{&quot;_ob_photomorph_use&quot;:&quot;no&quot;,&quot;_ob_perspektive_use&quot;:&quot;no&quot;,&quot;_ob_shadough_use&quot;:&quot;no&quot;,&quot;_ob_allow_hoveranimator&quot;:&quot;no&quot;,&quot;_ob_widget_stalker_use&quot;:&quot;no&quot;}\" data-widget_type=\"image.default\">\n\t\t\t\t<div class=\"elementor-widget-container\">\n\t\t\t\t\t\t\t\t\t\t\t\t\t\t\t\t<a href=\"https:\/\/www.hanwest.de\">\n\t\t\t\t\t\t\t<img decoding=\"async\" width=\"300\" height=\"167\" src=\"https:\/\/hanwest.de\/wp-content\/uploads\/2022\/01\/logo-300x167.png\" class=\"attachment-medium size-medium\" alt=\"\" srcset=\"https:\/\/hanwest.de\/wp-content\/uploads\/2022\/01\/logo-300x167.png 300w, https:\/\/hanwest.de\/wp-content\/uploads\/2022\/01\/logo.png 445w\" sizes=\"(max-width: 300px) 100vw, 300px\" \/>\t\t\t\t\t\t\t\t<\/a>\n\t\t\t\t\t\t\t\t\t\t\t\t\t\t\t<\/div>\n\t\t\t\t<\/div>\n\t\t\t\t\t<\/div>\n\t\t<\/div>\n\t\t\t\t<div class=\"elementor-column elementor-col-33 elementor-top-column elementor-element elementor-element-202d7c97\" data-id=\"202d7c97\" data-element_type=\"column\" id=\"navius2\" data-settings=\"{&quot;_ob_bbad_is_stalker&quot;:&quot;no&quot;,&quot;_ob_teleporter_use&quot;:false,&quot;_ob_column_hoveranimator&quot;:&quot;no&quot;,&quot;_ob_column_has_pseudo&quot;:&quot;no&quot;}\">\n\t\t\t<div class=\"elementor-widget-wrap elementor-element-populated\">\n\t\t\t\t\t\t\t\t<div class=\"elementor-element elementor-element-5af52a14 elementor-icon-list--layout-inline elementor-align-left elementor-absolute elementor-mobile-align-center elementor-list-item-link-full_width elementor-widget elementor-widget-icon-list\" data-id=\"5af52a14\" data-element_type=\"widget\" id=\"mennav\" data-settings=\"{&quot;_position&quot;:&quot;absolute&quot;,&quot;_ob_perspektive_use&quot;:&quot;no&quot;,&quot;_ob_shadough_use&quot;:&quot;no&quot;,&quot;_ob_allow_hoveranimator&quot;:&quot;no&quot;,&quot;_ob_widget_stalker_use&quot;:&quot;no&quot;}\" data-widget_type=\"icon-list.default\">\n\t\t\t\t<div class=\"elementor-widget-container\">\n\t\t\t\t\t<ul class=\"elementor-icon-list-items elementor-inline-items\">\n\t\t\t\t\t\t\t<li class=\"elementor-icon-list-item elementor-inline-item\">\n\t\t\t\t\t\t\t\t\t\t\t<a href=\"https:\/\/hanwest.de\/#about\">\n\n\t\t\t\t\t\t\t\t\t\t\t<span class=\"elementor-icon-list-text\">about<\/span>\n\t\t\t\t\t\t\t\t\t\t\t<\/a>\n\t\t\t\t\t\t\t\t\t<\/li>\n\t\t\t\t\t\t\t\t<li class=\"elementor-icon-list-item elementor-inline-item\">\n\t\t\t\t\t\t\t\t\t\t\t<a href=\"https:\/\/hanwest.de\/#menu\">\n\n\t\t\t\t\t\t\t\t\t\t\t<span class=\"elementor-icon-list-text\">menu<\/span>\n\t\t\t\t\t\t\t\t\t\t\t<\/a>\n\t\t\t\t\t\t\t\t\t<\/li>\n\t\t\t\t\t\t\t\t<li class=\"elementor-icon-list-item elementor-inline-item\">\n\t\t\t\t\t\t\t\t\t\t\t<a href=\"https:\/\/hanwest.de\/index.php\/order\/\">\n\n\t\t\t\t\t\t\t\t\t\t\t<span class=\"elementor-icon-list-text\">order<\/span>\n\t\t\t\t\t\t\t\t\t\t\t<\/a>\n\t\t\t\t\t\t\t\t\t<\/li>\n\t\t\t\t\t\t\t\t<li class=\"elementor-icon-list-item elementor-inline-item\">\n\t\t\t\t\t\t\t\t\t\t\t<a href=\"https:\/\/hanwest.de\/#locations\">\n\n\t\t\t\t\t\t\t\t\t\t\t<span class=\"elementor-icon-list-text\">locations<\/span>\n\t\t\t\t\t\t\t\t\t\t\t<\/a>\n\t\t\t\t\t\t\t\t\t<\/li>\n\t\t\t\t\t\t\t\t<li class=\"elementor-icon-list-item elementor-inline-item\">\n\t\t\t\t\t\t\t\t\t\t\t<a href=\"https:\/\/hanwest.de\/#jobs\">\n\n\t\t\t\t\t\t\t\t\t\t\t<span class=\"elementor-icon-list-text\">jobs<\/span>\n\t\t\t\t\t\t\t\t\t\t\t<\/a>\n\t\t\t\t\t\t\t\t\t<\/li>\n\t\t\t\t\t\t\t\t<li class=\"elementor-icon-list-item elementor-inline-item\">\n\t\t\t\t\t\t\t\t\t\t\t<a href=\"https:\/\/hanwest.de\/index.php\/elementor-218\/\">\n\n\t\t\t\t\t\t\t\t\t\t\t<span class=\"elementor-icon-list-text\">merch<\/span>\n\t\t\t\t\t\t\t\t\t\t\t<\/a>\n\t\t\t\t\t\t\t\t\t<\/li>\n\t\t\t\t\t\t<\/ul>\n\t\t\t\t<\/div>\n\t\t\t\t<\/div>\n\t\t\t\t\t<\/div>\n\t\t<\/div>\n\t\t\t\t<div class=\"elementor-column elementor-col-33 elementor-top-column elementor-element elementor-element-32bba8b4\" data-id=\"32bba8b4\" data-element_type=\"column\" data-settings=\"{&quot;_ob_bbad_is_stalker&quot;:&quot;no&quot;,&quot;_ob_teleporter_use&quot;:false,&quot;_ob_column_hoveranimator&quot;:&quot;no&quot;,&quot;_ob_column_has_pseudo&quot;:&quot;no&quot;}\">\n\t\t\t<div class=\"elementor-widget-wrap elementor-element-populated\">\n\t\t\t\t\t\t\t\t<div class=\"elementor-element elementor-element-8a9d11 elementor-shape-circle e-grid-align-right elementor-hidden-tablet elementor-hidden-phone elementor-grid-0 elementor-widget elementor-widget-social-icons\" data-id=\"8a9d11\" data-element_type=\"widget\" data-settings=\"{&quot;_ob_perspektive_use&quot;:&quot;no&quot;,&quot;_ob_shadough_use&quot;:&quot;no&quot;,&quot;_ob_widget_stalker_use&quot;:&quot;no&quot;}\" data-widget_type=\"social-icons.default\">\n\t\t\t\t<div class=\"elementor-widget-container\">\n\t\t\t\t\t<div class=\"elementor-social-icons-wrapper elementor-grid\">\n\t\t\t\t\t\t\t<span class=\"elementor-grid-item\">\n\t\t\t\t\t<a class=\"elementor-icon elementor-social-icon elementor-social-icon-facebook elementor-animation-grow elementor-repeater-item-967e480\" href=\"https:\/\/www.facebook.com\/hanwest.dumplings\/\" target=\"_blank\">\n\t\t\t\t\t\t<span class=\"elementor-screen-only\">Facebook<\/span>\n\t\t\t\t\t\t<i class=\"fab fa-facebook\"><\/i>\t\t\t\t\t<\/a>\n\t\t\t\t<\/span>\n\t\t\t\t\t\t\t<span class=\"elementor-grid-item\">\n\t\t\t\t\t<a class=\"elementor-icon elementor-social-icon elementor-social-icon-instagram elementor-animation-grow elementor-repeater-item-a411a50\" href=\"https:\/\/www.instagram.com\/hanwest.dumplings\/\" target=\"_blank\">\n\t\t\t\t\t\t<span class=\"elementor-screen-only\">Instagram<\/span>\n\t\t\t\t\t\t<i class=\"fab fa-instagram\"><\/i>\t\t\t\t\t<\/a>\n\t\t\t\t<\/span>\n\t\t\t\t\t<\/div>\n\t\t\t\t<\/div>\n\t\t\t\t<\/div>\n\t\t\t\t\t<\/div>\n\t\t<\/div>\n\t\t\t\t\t\t\t<\/div>\n\t\t<\/section>\n\t\t\t\t<section class=\"ob-is-breaking-bad elementor-section elementor-top-section elementor-element elementor-element-9680ed7 elementor-section-boxed elementor-section-height-default elementor-section-height-default\" data-id=\"9680ed7\" data-element_type=\"section\" data-settings=\"{&quot;_ob_bbad_use_it&quot;:&quot;yes&quot;,&quot;_ob_bbad_sssic_use&quot;:&quot;no&quot;,&quot;_ob_glider_is_slider&quot;:&quot;no&quot;}\">\n\t\t\t\t\t\t<div class=\"elementor-container elementor-column-gap-default\">\n\t\t\t\t\t<div class=\"elementor-column elementor-col-100 elementor-top-column elementor-element elementor-element-8b9bc3d\" data-id=\"8b9bc3d\" data-element_type=\"column\" data-settings=\"{&quot;_ob_bbad_is_stalker&quot;:&quot;no&quot;,&quot;_ob_teleporter_use&quot;:false,&quot;_ob_column_hoveranimator&quot;:&quot;no&quot;,&quot;_ob_column_has_pseudo&quot;:&quot;no&quot;}\">\n\t\t\t<div class=\"elementor-widget-wrap elementor-element-populated\">\n\t\t\t\t\t\t\t\t<div class=\"elementor-element elementor-element-2f22e57 ob-harakiri-inherit elementor-widget elementor-widget-text-editor\" data-id=\"2f22e57\" data-element_type=\"widget\" data-settings=\"{&quot;_ob_harakiri_writing_mode&quot;:&quot;inherit&quot;,&quot;_ob_perspektive_use&quot;:&quot;no&quot;,&quot;_ob_shadough_use&quot;:&quot;no&quot;,&quot;_ob_allow_hoveranimator&quot;:&quot;no&quot;,&quot;_ob_widget_stalker_use&quot;:&quot;no&quot;}\" data-widget_type=\"text-editor.default\">\n\t\t\t\t<div class=\"elementor-widget-container\">\n\t\t\t\t\t\t\t<div class=\"_2egft\"><div id=\"Containerwrrqt\" class=\"_1Cfot\"><div class=\"\" data-mesh-id=\"ContainerwrrqtinlineContent\" data-testid=\"inline-content\"><div data-mesh-id=\"ContainerwrrqtinlineContent-gridContainer\" data-testid=\"mesh-container-content\"><div id=\"comp-jn09a36a\" class=\"_2bafp\" data-testid=\"richTextElement\"><p class=\"font_8\">Unternehmensangaben nach \u00a7 5 Telemediengesetz (TMG)<\/p><p class=\"font_8\"><span class=\"wixGuard\">\u200b<\/span><\/p><p class=\"font_8\">Angaben gem\u00e4\u00df \u00a7 5 Telemediengesetz (TMG):<\/p><p class=\"font_8\">han west<\/p><p class=\"font_8\">Gao und Spie\u00df GbR<\/p><p class=\"font_8\">Selchower Stra\u00dfe 20<\/p><p class=\"font_8\">12049 Berlin<\/p><p class=\"font_8\">Deutschland<\/p><p class=\"font_8\">Gesellschafter: Rui Gao und Valentin Spie\u00df<\/p><p class=\"font_8\">E-Mail: <object width=\"300\" height=\"0\" data-mce-fragment=\"1\"><a data-auto-recognition=\"true\" href=\"mailto:info@hanwest.de\">info@hanwest.de<\/a><\/object><\/p><p class=\"font_8\">Umsatzsteuer-Identifikationsnummer: DE312843081<\/p><p class=\"font_8\">Verantwortlicher: Valentin Spie\u00df<\/p><p class=\"font_8\">Selchower Stra\u00dfe 20<\/p><p class=\"font_8\">12049 Berlin<\/p><p class=\"font_8\">Ausschluss der Haftung:<\/p><p class=\"font_8\"><span class=\"wixGuard\">\u200b<\/span><\/p><p class=\"font_8\">1. Haftung f\u00fcr Inhalte<\/p><p class=\"font_8\">Der Inhalt unserer Internetseite wurde mit gr\u00f6\u00dftm\u00f6glicher Sorgfalt erstellt. Wir \u00fcbernehmen jedoch keine Gew\u00e4hr daf\u00fcr, dass dieser Inhalt richtig, vollst\u00e4ndig, und aktuell ist und zudem noch gef\u00e4llt. Gem\u00e4\u00df \u00a7 7 Abs. 1 TMG sind wir f\u00fcr den Inhalt verantwortlich, selbst wenn dieser bestellt wurde.<\/p><p class=\"font_8\">Gem\u00e4\u00df den \u00a7\u00a7 8, 9 und 10 TMG ist f\u00fcr uns keine Verpflichtung gegeben, dass wir Informationen von Dritten, die \u00fcbermittelt oder gespeichert wurden, \u00fcberwachen oder Umst\u00e4nde erheben, die Hinweise auf nicht rechtm\u00e4\u00dfige T\u00e4tigkeiten ergeben.<\/p><p class=\"font_8\">Davon nicht ber\u00fchrt, ist unsere Verpflichtung zur Sperrung oder Entfernung von Informationen, welche von den allgemeinen Gesetzen herr\u00fchrt.<\/p><p class=\"font_8\">Wir haften allerdings erst in dem Moment, in dem wir von einer konkreten Verletzung von Rechten Kenntnis bekommen. Dann wird eine unverz\u00fcgliche Entfernung des entsprechenden Inhalts vorgenommen.<\/p><p class=\"font_8\">2. Haftung f\u00fcr Links<\/p><p class=\"font_8\">Unsere Internetseite enth\u00e4lt Links, die zu externen Internetseiten von Dritten f\u00fchren, auf deren Inhalte wir jedoch keinen Einfluss haben. Es ist uns daher nicht m\u00f6glich, eine Gew\u00e4hr f\u00fcr diese Inhalte zu tragen.<\/p><p class=\"font_8\">Die Verantwortung daf\u00fcr hat immer der jeweilige Anbieter\/Betreiber der entsprechenden Internetseite. Wir \u00fcberpr\u00fcfen die von uns verlinkten Internetseiten zum Zeitpunkt der Verlinkung auf einen m\u00f6glichen Rechtsversto\u00df in voller Breite.<\/p><p class=\"font_8\">Es kann uns jedoch, ohne einen konkreten Anhaltspunkt, nicht zugemutet werden, st\u00e4ndig die verlinkten Internetseiten inhaltlich zu \u00fcberwachen. Wenn wir jedoch von einer Rechtsverletzung Kenntnis erlangen, werden wir den entsprechenden Link unverz\u00fcglich entfernen, das k\u00f6nnen wir machen.<\/p><p class=\"font_8\">3. Urheberrecht<\/p><p class=\"font_8\">Die auf unserer Internetseite enthaltenen Inhalte sind, soweit m\u00f6glich, urheberrechtlich gesch\u00fctzt. Es bedarf einer schriftlichen Genehmigung des Erstellers f\u00fcr denjenigen, der die Inhalte vervielf\u00e4ltigt, bearbeitet, verbreitet oder n\u00fctzt.<\/p><p class=\"font_8\">Das Herunterladen und Kopieren unserer Internetseite ist sowohl f\u00fcr den privaten als auch den kommerziellen Gebrauch von uns schriftlich zu gestatten. Wir weisen darauf hin, dass wir hinsichtlich der Inhalte auf unserer Internetseite, soweit sie nicht von uns erstellt worden sind, das Urheberrecht von Dritten jederzeit beachtet hatten.<\/p><p class=\"font_8\">Wenn Sie uns mitteilen w\u00fcrden, dass Sie trotzdem eine Urheberrechtsverletzung gefunden haben, w\u00fcrden wir das sehr sch\u00e4tzen. Dann k\u00f6nnen wir den entsprechenden Inhalt sofort entfernen und w\u00fcrden damit das Urheberrecht nicht mehr verletzen.<\/p><p class=\"font_8\">4. Datenschutz<\/p><p class=\"font_8\">Unsere Internetseite kann regelm\u00e4\u00dfig ohne die Angabe von personenbezogenen Daten genutzt werden. Falls solche Daten (z.B. Name, Adresse oder E-Mail) doch erhoben werden sollten, geschieht das, freiwillig oder nur mit ausdr\u00fccklicher Zustimmung durch Sie und durch uns zu verbergen.<\/p><p><code><\/code><\/p><p class=\"font_8\">Die \u00dcbertragung von Daten im Internet ist mit Sicherheitsl\u00fccken befangen. Es ist daher m\u00f6glich, dass Dritte Zugriff auf diese Daten erlangen. Ein l\u00fcckenloser Schutz ist nicht m\u00f6glich, wenn auch l\u00f6blich.<\/p><p class=\"font_8\">Wir widersprechen an dieser Stelle der Nutzung unserer Kontaktdaten, um uns damit nicht verlangte Werbung\/Informationsmaterial\/Spam-Mails zukommen zu lassen. Sollte dies dennoch geschehen, m\u00fcssten wir rechtliche Schritte ins Auge fassen.<\/p><p>5. Tracking<\/p><p><code><p id=\"matomo_opted_out_intro\" style=\"display:none;\">Deaktivierung durchgef\u00fchrt! Ihre Besuche auf dieser Webseite werden von der Webanalyse nicht mehr erfasst. Bitte beachten Sie, dass auch der Matomo-Deaktivierungs-Cookie dieser Webseite gel\u00f6scht wird, wenn Sie die in Ihrem Browser abgelegten Cookies entfernen. Au\u00dferdem m\u00fcssen Sie, wenn Sie einen anderen Computer oder einen anderen Webbrowser verwenden, die Deaktivierungsprozedur nochmals absolvieren.<\/p><p id=\"matomo_opted_in_intro\" >Sie haben die M\u00f6glichkeit zu verhindern, dass von Ihnen hier get\u00e4tigte Aktionen analysiert und verkn\u00fcpft werden. Dies wird Ihre Privatsph\u00e4re sch\u00fctzen, aber wird auch den Besitzer daran hindern, aus Ihren Aktionen zu lernen und die Bedienbarkeit f\u00fcr Sie und andere Benutzer zu verbessern.<\/p><form>\n        <input type=\"checkbox\" id=\"matomo_optout_checkbox\" checked=\"checked\"\/>\n        <label for=\"matomo_optout_checkbox\"><strong>\n        <span id=\"matomo_opted_in_label\" >Ihr Besuch dieser Webseite wird aktuell von der Matomo Webanalyse erfasst. Diese Checkbox abw\u00e4hlen f\u00fcr Opt-Out.<\/span>\n\t\t<span id=\"matomo_opted_out_label\" style=\"display:none;\">Ihr Besuch dieser Webseite wird aktuell von der Matomo Webanalyse nicht erfasst. Diese Checkbox aktivieren f\u00fcr Opt-In.<\/span>\n        <\/strong><\/label><\/form><noscript><p><strong style=\"color: #ff0000;\">This opt out feature requires JavaScript.<\/strong><\/p><\/noscript><p id=\"matomo_outout_err_cookies\" style=\"display: none;\"><strong>Die Tracking opt-out Funktion ben\u00f6tigt aktivierte Cookies.<\/strong><\/p><\/code><\/p><\/div><\/div><\/div><\/div><\/div>\t\t\t\t\t\t<\/div>\n\t\t\t\t<\/div>\n\t\t\t\t\t<\/div>\n\t\t<\/div>\n\t\t\t\t\t\t\t<\/div>\n\t\t<\/section>\n\t\t\t\t<section class=\"ob-is-breaking-bad elementor-section elementor-top-section elementor-element elementor-element-5d6e76d elementor-section-boxed elementor-section-height-default elementor-section-height-default\" data-id=\"5d6e76d\" data-element_type=\"section\" data-settings=\"{&quot;_ob_bbad_use_it&quot;:&quot;yes&quot;,&quot;_ob_bbad_sssic_use&quot;:&quot;no&quot;,&quot;_ob_glider_is_slider&quot;:&quot;no&quot;}\">\n\t\t\t\t\t\t<div class=\"elementor-container elementor-column-gap-default\">\n\t\t\t\t\t<div class=\"elementor-column elementor-col-100 elementor-top-column elementor-element elementor-element-f693ef9\" data-id=\"f693ef9\" data-element_type=\"column\" data-settings=\"{&quot;_ob_bbad_is_stalker&quot;:&quot;no&quot;,&quot;_ob_teleporter_use&quot;:false,&quot;_ob_column_hoveranimator&quot;:&quot;no&quot;,&quot;_ob_column_has_pseudo&quot;:&quot;no&quot;}\">\n\t\t\t<div class=\"elementor-widget-wrap elementor-element-populated\">\n\t\t\t\t\t\t\t\t<div class=\"elementor-element elementor-element-6b0d2b2 elementor-widget elementor-widget-html\" data-id=\"6b0d2b2\" data-element_type=\"widget\" data-settings=\"{&quot;_ob_perspektive_use&quot;:&quot;no&quot;,&quot;_ob_shadough_use&quot;:&quot;no&quot;,&quot;_ob_allow_hoveranimator&quot;:&quot;no&quot;,&quot;_ob_widget_stalker_use&quot;:&quot;no&quot;}\" data-widget_type=\"html.default\">\n\t\t\t\t<div class=\"elementor-widget-container\">\n\t\t\t<style>#navius{\nposition:sticky!important;\ntop:0}\n\n\n#navius2 a::before {\n  content: \"\";\n  transition: all 0.4s ease-in-out;\n  position: absolute;\n  right: 50%;\n  left: 50%;\n  bottom: 0;\n  height: 1px;\n  background-color: #e74c3c;\n}\n\n#navius2 a:hover::before {\n  right: 0;\n  left: 5;\n\n} <\/style>\t\t<\/div>\n\t\t\t\t<\/div>\n\t\t\t\t\t<\/div>\n\t\t<\/div>\n\t\t\t\t\t\t\t<\/div>\n\t\t<\/section>\n\t\t\t\t\t\t<\/div>\n\t\t\t\t\t<\/div>\n\t\t","protected":false},"excerpt":{"rendered":"<p>about menu order locations jobs merch Facebook Instagram Unternehmensangaben nach \u00a7 5 Telemediengesetz (TMG) \u200b Angaben gem\u00e4\u00df \u00a7 5 Telemediengesetz (TMG): han west Gao und Spie\u00df GbR Selchower Stra\u00dfe 20 12049 Berlin Deutschland Gesellschafter: Rui Gao und Valentin Spie\u00df E-Mail: info@hanwest.de Umsatzsteuer-Identifikationsnummer: DE312843081 Verantwortlicher: Valentin Spie\u00df Selchower Stra\u00dfe 20 12049 Berlin Ausschluss der Haftung: \u200b [&hellip;]<\/p>\n","protected":false},"author":1,"featured_media":0,"parent":0,"menu_order":0,"comment_status":"closed","ping_status":"closed","template":"","meta":{"footnotes":""},"class_list":["post-425","page","type-page","status-publish","hentry"],"yoast_head":"<!-- This site is optimized with the Yoast SEO plugin v17.9 - https:\/\/yoast.com\/wordpress\/plugins\/seo\/ -->\n<title>impressum - han west<\/title>\n<meta name=\"robots\" content=\"index, follow, max-snippet:-1, max-image-preview:large, max-video-preview:-1\" \/>\n<link rel=\"canonical\" href=\"https:\/\/hanwest.de\/index.php\/impressum\/\" \/>\n<meta property=\"og:locale\" content=\"en_US\" \/>\n<meta property=\"og:type\" content=\"article\" \/>\n<meta property=\"og:title\" content=\"impressum - han west\" \/>\n<meta property=\"og:description\" content=\"about menu order locations jobs merch Facebook Instagram Unternehmensangaben nach \u00a7 5 Telemediengesetz (TMG) \u200b Angaben gem\u00e4\u00df \u00a7 5 Telemediengesetz (TMG): han west Gao und Spie\u00df GbR Selchower Stra\u00dfe 20 12049 Berlin Deutschland Gesellschafter: Rui Gao und Valentin Spie\u00df E-Mail: info@hanwest.de Umsatzsteuer-Identifikationsnummer: DE312843081 Verantwortlicher: Valentin Spie\u00df Selchower Stra\u00dfe 20 12049 Berlin Ausschluss der Haftung: \u200b [&hellip;]\" \/>\n<meta property=\"og:url\" content=\"https:\/\/hanwest.de\/index.php\/impressum\/\" \/>\n<meta property=\"og:site_name\" content=\"han west\" \/>\n<meta property=\"article:modified_time\" content=\"2022-01-09T21:32:09+00:00\" \/>\n<meta property=\"og:image\" content=\"https:\/\/hanwest.de\/wp-content\/uploads\/2022\/01\/logo-300x167.png\" \/>\n<meta name=\"twitter:card\" content=\"summary_large_image\" \/>\n<meta name=\"twitter:label1\" content=\"Est. reading time\" \/>\n\t<meta name=\"twitter:data1\" content=\"3 minutes\" \/>\n<script type=\"application\/ld+json\" class=\"yoast-schema-graph\">{\"@context\":\"https:\/\/schema.org\",\"@graph\":[{\"@type\":\"Organization\",\"@id\":\"https:\/\/hanwest.de\/#organization\",\"name\":\"han west\",\"url\":\"https:\/\/hanwest.de\/\",\"sameAs\":[],\"logo\":{\"@type\":\"ImageObject\",\"@id\":\"https:\/\/hanwest.de\/#logo\",\"inLanguage\":\"en-US\",\"url\":\"https:\/\/hanwest.de\/wp-content\/uploads\/2022\/01\/logo.png\",\"contentUrl\":\"https:\/\/hanwest.de\/wp-content\/uploads\/2022\/01\/logo.png\",\"width\":445,\"height\":247,\"caption\":\"han west\"},\"image\":{\"@id\":\"https:\/\/hanwest.de\/#logo\"}},{\"@type\":\"WebSite\",\"@id\":\"https:\/\/hanwest.de\/#website\",\"url\":\"https:\/\/hanwest.de\/\",\"name\":\"han west\",\"description\":\"home of dumplings\",\"publisher\":{\"@id\":\"https:\/\/hanwest.de\/#organization\"},\"potentialAction\":[{\"@type\":\"SearchAction\",\"target\":{\"@type\":\"EntryPoint\",\"urlTemplate\":\"https:\/\/hanwest.de\/?s={search_term_string}\"},\"query-input\":\"required name=search_term_string\"}],\"inLanguage\":\"en-US\"},{\"@type\":\"ImageObject\",\"@id\":\"https:\/\/hanwest.de\/index.php\/impressum\/#primaryimage\",\"inLanguage\":\"en-US\",\"url\":\"https:\/\/hanwest.de\/wp-content\/uploads\/2022\/01\/logo.png\",\"contentUrl\":\"https:\/\/hanwest.de\/wp-content\/uploads\/2022\/01\/logo.png\",\"width\":445,\"height\":247},{\"@type\":\"WebPage\",\"@id\":\"https:\/\/hanwest.de\/index.php\/impressum\/#webpage\",\"url\":\"https:\/\/hanwest.de\/index.php\/impressum\/\",\"name\":\"impressum - han west\",\"isPartOf\":{\"@id\":\"https:\/\/hanwest.de\/#website\"},\"primaryImageOfPage\":{\"@id\":\"https:\/\/hanwest.de\/index.php\/impressum\/#primaryimage\"},\"datePublished\":\"2021-05-14T22:57:41+00:00\",\"dateModified\":\"2022-01-09T21:32:09+00:00\",\"breadcrumb\":{\"@id\":\"https:\/\/hanwest.de\/index.php\/impressum\/#breadcrumb\"},\"inLanguage\":\"en-US\",\"potentialAction\":[{\"@type\":\"ReadAction\",\"target\":[\"https:\/\/hanwest.de\/index.php\/impressum\/\"]}]},{\"@type\":\"BreadcrumbList\",\"@id\":\"https:\/\/hanwest.de\/index.php\/impressum\/#breadcrumb\",\"itemListElement\":[{\"@type\":\"ListItem\",\"position\":1,\"name\":\"Home\",\"item\":\"https:\/\/hanwest.de\/\"},{\"@type\":\"ListItem\",\"position\":2,\"name\":\"impressum\"}]}]}<\/script>\n<!-- \/ Yoast SEO plugin. -->","yoast_head_json":{"title":"impressum - han west","robots":{"index":"index","follow":"follow","max-snippet":"max-snippet:-1","max-image-preview":"max-image-preview:large","max-video-preview":"max-video-preview:-1"},"canonical":"https:\/\/hanwest.de\/index.php\/impressum\/","og_locale":"en_US","og_type":"article","og_title":"impressum - han west","og_description":"about menu order locations jobs merch Facebook Instagram Unternehmensangaben nach \u00a7 5 Telemediengesetz (TMG) \u200b Angaben gem\u00e4\u00df \u00a7 5 Telemediengesetz (TMG): han west Gao und Spie\u00df GbR Selchower Stra\u00dfe 20 12049 Berlin Deutschland Gesellschafter: Rui Gao und Valentin Spie\u00df E-Mail: info@hanwest.de Umsatzsteuer-Identifikationsnummer: DE312843081 Verantwortlicher: Valentin Spie\u00df Selchower Stra\u00dfe 20 12049 Berlin Ausschluss der Haftung: \u200b [&hellip;]","og_url":"https:\/\/hanwest.de\/index.php\/impressum\/","og_site_name":"han west","article_modified_time":"2022-01-09T21:32:09+00:00","og_image":[{"url":"https:\/\/hanwest.de\/wp-content\/uploads\/2022\/01\/logo-300x167.png"}],"twitter_card":"summary_large_image","twitter_misc":{"Est. reading time":"3 minutes"},"schema":{"@context":"https:\/\/schema.org","@graph":[{"@type":"Organization","@id":"https:\/\/hanwest.de\/#organization","name":"han west","url":"https:\/\/hanwest.de\/","sameAs":[],"logo":{"@type":"ImageObject","@id":"https:\/\/hanwest.de\/#logo","inLanguage":"en-US","url":"https:\/\/hanwest.de\/wp-content\/uploads\/2022\/01\/logo.png","contentUrl":"https:\/\/hanwest.de\/wp-content\/uploads\/2022\/01\/logo.png","width":445,"height":247,"caption":"han west"},"image":{"@id":"https:\/\/hanwest.de\/#logo"}},{"@type":"WebSite","@id":"https:\/\/hanwest.de\/#website","url":"https:\/\/hanwest.de\/","name":"han west","description":"home of dumplings","publisher":{"@id":"https:\/\/hanwest.de\/#organization"},"potentialAction":[{"@type":"SearchAction","target":{"@type":"EntryPoint","urlTemplate":"https:\/\/hanwest.de\/?s={search_term_string}"},"query-input":"required name=search_term_string"}],"inLanguage":"en-US"},{"@type":"ImageObject","@id":"https:\/\/hanwest.de\/index.php\/impressum\/#primaryimage","inLanguage":"en-US","url":"https:\/\/hanwest.de\/wp-content\/uploads\/2022\/01\/logo.png","contentUrl":"https:\/\/hanwest.de\/wp-content\/uploads\/2022\/01\/logo.png","width":445,"height":247},{"@type":"WebPage","@id":"https:\/\/hanwest.de\/index.php\/impressum\/#webpage","url":"https:\/\/hanwest.de\/index.php\/impressum\/","name":"impressum - han west","isPartOf":{"@id":"https:\/\/hanwest.de\/#website"},"primaryImageOfPage":{"@id":"https:\/\/hanwest.de\/index.php\/impressum\/#primaryimage"},"datePublished":"2021-05-14T22:57:41+00:00","dateModified":"2022-01-09T21:32:09+00:00","breadcrumb":{"@id":"https:\/\/hanwest.de\/index.php\/impressum\/#breadcrumb"},"inLanguage":"en-US","potentialAction":[{"@type":"ReadAction","target":["https:\/\/hanwest.de\/index.php\/impressum\/"]}]},{"@type":"BreadcrumbList","@id":"https:\/\/hanwest.de\/index.php\/impressum\/#breadcrumb","itemListElement":[{"@type":"ListItem","position":1,"name":"Home","item":"https:\/\/hanwest.de\/"},{"@type":"ListItem","position":2,"name":"impressum"}]}]}},"_links":{"self":[{"href":"https:\/\/hanwest.de\/index.php\/wp-json\/wp\/v2\/pages\/425","targetHints":{"allow":["GET"]}}],"collection":[{"href":"https:\/\/hanwest.de\/index.php\/wp-json\/wp\/v2\/pages"}],"about":[{"href":"https:\/\/hanwest.de\/index.php\/wp-json\/wp\/v2\/types\/page"}],"author":[{"embeddable":true,"href":"https:\/\/hanwest.de\/index.php\/wp-json\/wp\/v2\/users\/1"}],"replies":[{"embeddable":true,"href":"https:\/\/hanwest.de\/index.php\/wp-json\/wp\/v2\/comments?post=425"}],"version-history":[{"count":35,"href":"https:\/\/hanwest.de\/index.php\/wp-json\/wp\/v2\/pages\/425\/revisions"}],"predecessor-version":[{"id":861,"href":"https:\/\/hanwest.de\/index.php\/wp-json\/wp\/v2\/pages\/425\/revisions\/861"}],"wp:attachment":[{"href":"https:\/\/hanwest.de\/index.php\/wp-json\/wp\/v2\/media?parent=425"}],"curies":[{"name":"wp","href":"https:\/\/api.w.org\/{rel}","templated":true}]}}